{"id":30710,"date":"2018-12-05T06:00:14","date_gmt":"2018-12-05T05:00:14","guid":{"rendered":"https:\/\/rethink-p2p.de\/mentions-legales\/"},"modified":"2025-12-11T11:24:52","modified_gmt":"2025-12-11T10:24:52","slug":"mentions-legales","status":"publish","type":"page","link":"https:\/\/rethink-p2p.de\/fr\/mentions-legales\/","title":{"rendered":"Mentions L\u00e9gales"},"content":{"rendered":"\r\n<p><strong>Op\u00e9rateur \/ Responsable du contenu<\/strong><\/p>\r\n<ul>\r\n<li data-start=\"200\" data-end=\"377\">rethinkp2p O\u00dc<\/li>\r\n<li data-start=\"200\" data-end=\"377\">Address: Sepapaja tn 6, 15551 Tallinn, Estonia<\/li>\r\n<li data-start=\"200\" data-end=\"377\">Registry Code: 16572170<\/li>\r\n<li data-start=\"200\" data-end=\"377\">VAT Identification Number: EE102534542<\/li>\r\n<\/ul>\r\n<p><strong>Repr\u00e9sent\u00e9 par<\/strong><\/p>\r\n<ul>\r\n<li data-start=\"379\" data-end=\"456\">Denny Neidhardt<\/li>\r\n<\/ul>\r\n<p data-start=\"458\" data-end=\"528\"><strong data-start=\"458\" data-end=\"470\">Contact<\/strong><\/p>\r\n<ul>\r\n<li data-start=\"458\" data-end=\"528\">E-mail: denny[at]rethink-p2p[punkt]de<\/li>\r\n<li data-start=\"458\" data-end=\"528\">Phone: +49 1745151860\u00a0<\/li>\r\n<\/ul>\r\n<p><strong>Responsabilit\u00e9 du contenu<\/strong><\/p>\r\n<p>Le contenu de ce site web a \u00e9t\u00e9 cr\u00e9\u00e9 avec le plus grand soin. Cependant, nous ne pouvons assumer aucune responsabilit\u00e9 quant \u00e0 l\u2019exactitude, l\u2019exhaustivit\u00e9 et l\u2019actualit\u00e9 du contenu. Conform\u00e9ment au \u00a7 7, alin\u00e9a 1 de la loi allemande sur les t\u00e9l\u00e9services (TMG), le fournisseur est responsable de son propre contenu sur ces pages. La responsabilit\u00e9 pour les liens externes incombe enti\u00e8rement aux op\u00e9rateurs des sites li\u00e9s.<\/p>\r\n<p><strong>R\u00e8glement des litiges \/ R\u00e8glement en ligne des litiges<\/strong><\/p>\r\n<p>Nous ne sommes ni oblig\u00e9s ni dispos\u00e9s \u00e0 participer \u00e0 une proc\u00e9dure de r\u00e8glement des litiges devant un organisme arbitral de consommateurs.<\/p>\r\n","protected":false},"excerpt":{"rendered":"","protected":false},"author":1,"featured_media":0,"parent":0,"menu_order":0,"comment_status":"closed","ping_status":"closed","template":"template-centered.php","meta":[],"yoast_head":"<!-- This site is optimized with the Yoast SEO plugin v21.8.1 - https:\/\/yoast.com\/wordpress\/plugins\/seo\/ -->\n<title>Mentions L\u00e9gales - re:think P2P<\/title>\n<meta name=\"robots\" content=\"noindex, follow\" \/>\n<meta property=\"og:locale\" content=\"fr_FR\" \/>\n<meta property=\"og:type\" content=\"article\" \/>\n<meta property=\"og:title\" content=\"Mentions L\u00e9gales - re:think P2P\" \/>\n<meta property=\"og:url\" content=\"https:\/\/rethink-p2p.de\/fr\/mentions-legales\/\" \/>\n<meta property=\"og:site_name\" content=\"re:think P2P\" \/>\n<meta property=\"article:publisher\" content=\"http:\/\/fb.me\/rethinkp2p\" \/>\n<meta property=\"article:modified_time\" content=\"2025-12-11T10:24:52+00:00\" \/>\n<meta name=\"twitter:card\" content=\"summary_large_image\" \/>\n<meta name=\"twitter:label1\" content=\"Dur\u00e9e de lecture estim\u00e9e\" \/>\n\t<meta name=\"twitter:data1\" content=\"1 minute\" \/>\n<!-- \/ Yoast SEO plugin. -->","yoast_head_json":{"title":"Mentions L\u00e9gales - re:think P2P","robots":{"index":"noindex","follow":"follow"},"og_locale":"fr_FR","og_type":"article","og_title":"Mentions L\u00e9gales - re:think P2P","og_url":"https:\/\/rethink-p2p.de\/fr\/mentions-legales\/","og_site_name":"re:think P2P","article_publisher":"http:\/\/fb.me\/rethinkp2p","article_modified_time":"2025-12-11T10:24:52+00:00","twitter_card":"summary_large_image","twitter_misc":{"Dur\u00e9e de lecture estim\u00e9e":"1 minute"},"schema":{"@context":"https:\/\/schema.org","@graph":[{"@type":"WebPage","@id":"https:\/\/rethink-p2p.de\/fr\/mentions-legales\/","url":"https:\/\/rethink-p2p.de\/fr\/mentions-legales\/","name":"Mentions L\u00e9gales - re:think P2P","isPartOf":{"@id":"https:\/\/rethink-p2p.de\/fr\/#website"},"datePublished":"2018-12-05T05:00:14+00:00","dateModified":"2025-12-11T10:24:52+00:00","breadcrumb":{"@id":"https:\/\/rethink-p2p.de\/fr\/mentions-legales\/#breadcrumb"},"inLanguage":"fr-FR","potentialAction":[{"@type":"ReadAction","target":["https:\/\/rethink-p2p.de\/fr\/mentions-legales\/"]}]},{"@type":"BreadcrumbList","@id":"https:\/\/rethink-p2p.de\/fr\/mentions-legales\/#breadcrumb","itemListElement":[{"@type":"ListItem","position":1,"name":"Accueil","item":"https:\/\/rethink-p2p.de\/fr\/"},{"@type":"ListItem","position":2,"name":"Mentions L\u00e9gales"}]},{"@type":"WebSite","@id":"https:\/\/rethink-p2p.de\/fr\/#website","url":"https:\/\/rethink-p2p.de\/fr\/","name":"re:think P2P","description":"Analyses et Comparaisons des Plateformes de Pr\u00eat P2P","potentialAction":[{"@type":"SearchAction","target":{"@type":"EntryPoint","urlTemplate":"https:\/\/rethink-p2p.de\/fr\/?s={search_term_string}"},"query-input":"required name=search_term_string"}],"inLanguage":"fr-FR"}]}},"_links":{"self":[{"href":"https:\/\/rethink-p2p.de\/fr\/wp-json\/wp\/v2\/pages\/30710"}],"collection":[{"href":"https:\/\/rethink-p2p.de\/fr\/wp-json\/wp\/v2\/pages"}],"about":[{"href":"https:\/\/rethink-p2p.de\/fr\/wp-json\/wp\/v2\/types\/page"}],"author":[{"embeddable":true,"href":"https:\/\/rethink-p2p.de\/fr\/wp-json\/wp\/v2\/users\/1"}],"replies":[{"embeddable":true,"href":"https:\/\/rethink-p2p.de\/fr\/wp-json\/wp\/v2\/comments?post=30710"}],"version-history":[{"count":2,"href":"https:\/\/rethink-p2p.de\/fr\/wp-json\/wp\/v2\/pages\/30710\/revisions"}],"predecessor-version":[{"id":30712,"href":"https:\/\/rethink-p2p.de\/fr\/wp-json\/wp\/v2\/pages\/30710\/revisions\/30712"}],"wp:attachment":[{"href":"https:\/\/rethink-p2p.de\/fr\/wp-json\/wp\/v2\/media?parent=30710"}],"curies":[{"name":"wp","href":"https:\/\/api.w.org\/{rel}","templated":true}]}}