{"id":25992,"date":"2026-01-12T06:00:00","date_gmt":"2026-01-12T05:00:00","guid":{"rendered":"https:\/\/rethink-p2p.de\/?page_id=25992"},"modified":"2026-01-12T17:03:58","modified_gmt":"2026-01-12T16:03:58","slug":"25992-2","status":"publish","type":"page","link":"https:\/\/rethink-p2p.de\/fr\/","title":{"rendered":"rethink P2P"},"content":{"rendered":"<p><a href=\"https:\/\/rethink-p2p.de\/wp-content\/uploads\/2024\/09\/Denny-Neidhardt-P2P-Kredite-Erfahrungen-Blog-2024.png\"><img decoding=\"async\" loading=\"lazy\" class=\"alignleft wp-image-23531 lazyload\" data-src=\"https:\/\/rethink-p2p.de\/wp-content\/uploads\/2024\/09\/Denny-Neidhardt-P2P-Kredite-Erfahrungen-Blog-2024.png\" alt=\"\" width=\"250\" height=\"250\" data-srcset=\"https:\/\/rethink-p2p.de\/wp-content\/uploads\/2024\/09\/Denny-Neidhardt-P2P-Kredite-Erfahrungen-Blog-2024.png 536w, https:\/\/rethink-p2p.de\/wp-content\/uploads\/2024\/09\/Denny-Neidhardt-P2P-Kredite-Erfahrungen-Blog-2024-300x300.png 300w, https:\/\/rethink-p2p.de\/wp-content\/uploads\/2024\/09\/Denny-Neidhardt-P2P-Kredite-Erfahrungen-Blog-2024-150x150.png 150w, https:\/\/rethink-p2p.de\/wp-content\/uploads\/2024\/09\/Denny-Neidhardt-P2P-Kredite-Erfahrungen-Blog-2024-70x70.png 70w\" data-sizes=\"(max-width: 250px) 100vw, 250px\" src=\"data:image\/gif;base64,R0lGODlhAQABAAAAACH5BAEKAAEALAAAAAABAAEAAAICTAEAOw==\" style=\"--smush-placeholder-width: 250px; --smush-placeholder-aspect-ratio: 250\/250;\" \/><noscript><img decoding=\"async\" loading=\"lazy\" class=\"alignleft wp-image-23531\" src=\"https:\/\/rethink-p2p.de\/wp-content\/uploads\/2024\/09\/Denny-Neidhardt-P2P-Kredite-Erfahrungen-Blog-2024.png\" alt=\"\" width=\"250\" height=\"250\" srcset=\"https:\/\/rethink-p2p.de\/wp-content\/uploads\/2024\/09\/Denny-Neidhardt-P2P-Kredite-Erfahrungen-Blog-2024.png 536w, https:\/\/rethink-p2p.de\/wp-content\/uploads\/2024\/09\/Denny-Neidhardt-P2P-Kredite-Erfahrungen-Blog-2024-300x300.png 300w, https:\/\/rethink-p2p.de\/wp-content\/uploads\/2024\/09\/Denny-Neidhardt-P2P-Kredite-Erfahrungen-Blog-2024-150x150.png 150w, https:\/\/rethink-p2p.de\/wp-content\/uploads\/2024\/09\/Denny-Neidhardt-P2P-Kredite-Erfahrungen-Blog-2024-70x70.png 70w\" sizes=\"(max-width: 250px) 100vw, 250px\" \/><\/noscript><\/a>Salut, <a href=\"https:\/\/rethink-p2p.de\/fr\/about\/\" target=\"_blank\" rel=\"noopener\"><strong>je m&#8217;appelle Denny<\/strong><\/a>. Bienvenue sur mon blog P2P ! Sur cette page, j&#8217;aide les investisseurs particuliers \u00e0 prendre des d\u00e9cisions d&#8217;investissement plus \u00e9clair\u00e9es concernant les plateformes de crowdfunding et de crowdlending. Je r\u00e9alise des <a href=\"https:\/\/rethink-p2p.de\/fr\/avis\/\" target=\"_blank\" rel=\"noopener\"><strong>critiques<\/strong><\/a> approfondies des plus grandes et des plus populaires plateformes P2P en Europe, en d\u00e9voilant les structures de propri\u00e9t\u00e9, les mod\u00e8les commerciaux et les risques sous-jacents. Ainsi, les investisseurs peuvent identifier les meilleures perspectives de rendement pour leur argent.<\/p>\n<div class=\"flex max-w-full flex-col flex-grow\">\n<div class=\"min-h-8 text-message relative flex w-full flex-col items-end gap-2 whitespace-normal break-words text-start [.text-message+&amp;]:mt-5\" dir=\"auto\" data-message-author-role=\"assistant\" data-message-id=\"1d78b104-f45c-4c9d-9158-62d4788dd758\" data-message-model-slug=\"gpt-4o-mini\">\n<div class=\"flex w-full flex-col gap-1 empty:hidden first:pt-[3px]\">\n<div class=\"markdown prose w-full break-words dark:prose-invert light\">\n<p data-start=\"533\" data-end=\"757\">Si ce contenu vous pla\u00eet, n&#8217;oubliez pas de vous abonner \u00e0 ma <a href=\"https:\/\/www.youtube.com\/@rethink-p2p\" target=\"_blank\" rel=\"noopener\"><strong>cha\u00eene YouTube en anglais<\/strong><\/a>. C&#8217;est l\u00e0 que vous trouverez des mises \u00e0 jour mensuelles de portefeuille et des analyses des d\u00e9veloppements actuels dans l&#8217;industrie P2P.<\/p>\n<h2 data-start=\"759\" data-end=\"798\">Avis Sur Les Plateformes P2P Tendances<\/h2>\n<\/div>\n<\/div>\n<\/div>\n<\/div>\n\n\n<div class=\"wp-block-columns is-layout-flex wp-container-3\">\n<div class=\"wp-block-column is-layout-flow\" style=\"flex-basis:66.66%\">\n<p><a href=\"https:\/\/rethink-p2p.de\/fr\/nectaro-avis\/\" target=\"_blank\" rel=\"noopener\"><img decoding=\"async\" loading=\"lazy\" class=\"alignnone wp-image-26669 size-full lazyload\" data-src=\"https:\/\/rethink-p2p.de\/wp-content\/uploads\/2025\/03\/Nectaro-Avis-P2P.png\" alt=\"\" width=\"800\" height=\"200\" data-srcset=\"https:\/\/rethink-p2p.de\/wp-content\/uploads\/2025\/03\/Nectaro-Avis-P2P.png 800w, https:\/\/rethink-p2p.de\/wp-content\/uploads\/2025\/03\/Nectaro-Avis-P2P-300x75.png 300w, https:\/\/rethink-p2p.de\/wp-content\/uploads\/2025\/03\/Nectaro-Avis-P2P-768x192.png 768w\" data-sizes=\"(max-width: 800px) 100vw, 800px\" src=\"data:image\/gif;base64,R0lGODlhAQABAAAAACH5BAEKAAEALAAAAAABAAEAAAICTAEAOw==\" style=\"--smush-placeholder-width: 800px; --smush-placeholder-aspect-ratio: 800\/200;\" \/><noscript><img decoding=\"async\" loading=\"lazy\" class=\"alignnone wp-image-26669 size-full\" src=\"https:\/\/rethink-p2p.de\/wp-content\/uploads\/2025\/03\/Nectaro-Avis-P2P.png\" alt=\"\" width=\"800\" height=\"200\" srcset=\"https:\/\/rethink-p2p.de\/wp-content\/uploads\/2025\/03\/Nectaro-Avis-P2P.png 800w, https:\/\/rethink-p2p.de\/wp-content\/uploads\/2025\/03\/Nectaro-Avis-P2P-300x75.png 300w, https:\/\/rethink-p2p.de\/wp-content\/uploads\/2025\/03\/Nectaro-Avis-P2P-768x192.png 768w\" sizes=\"(max-width: 800px) 100vw, 800px\" \/><\/noscript><\/a><\/p>\n<\/div>\n\n\n\n<div class=\"wp-block-column is-layout-flow\" style=\"flex-basis:33.33%\">\n<p style=\"text-align: right;\"><a href=\"https:\/\/rethink-p2p.de\/fr\/nectaro-avis\/\" class=\"su-button su-button-style-default\" style=\"color:#ffffff;background-color:#0142ff;border-color:#0135cc;border-radius:8px\" target=\"_blank\" rel=\"noopener noreferrer\"><span style=\"color:#ffffff;padding:0px 22px;font-size:17px;line-height:34px;border-color:#4e7bff;border-radius:8px;text-shadow:0px 0px 0px #000000\"> \u25b7 <strong>Avis sur Nectaro<\/strong><\/span><\/a>\n<p style=\"text-align: right;\"><a href=\"http:\/\/bit.ly\/rethinkp2p-fr-nectaro\" class=\"su-button su-button-style-default\" style=\"color:#ffffff;background-color:#0aad27;border-color:#088b20;border-radius:8px\" target=\"_blank\" rel=\"noopener noreferrer\"><span style=\"color:#ffffff;padding:0px 22px;font-size:17px;line-height:34px;border-color:#54c668;border-radius:8px;text-shadow:0px 0px 0px #000000\"> <strong>1 % de Cashback | 30 Jours<\/strong><\/span><\/a>\n<\/div>\n<\/div>\n\n\n\n<div class=\"wp-block-columns is-layout-flex wp-container-6\">\n<div class=\"wp-block-column is-layout-flow\" style=\"flex-basis:66.66%\">\n<p><a href=\"https:\/\/rethink-p2p.de\/fr\/viainvest-avis\/\" target=\"_blank\" rel=\"noopener\"><img decoding=\"async\" loading=\"lazy\" class=\"alignnone wp-image-26100 size-full lazyload\" data-src=\"https:\/\/rethink-p2p.de\/wp-content\/uploads\/2025\/02\/Viainvest-Avis-P2P-.jpg\" alt=\"\" width=\"800\" height=\"200\" data-srcset=\"https:\/\/rethink-p2p.de\/wp-content\/uploads\/2025\/02\/Viainvest-Avis-P2P-.jpg 800w, https:\/\/rethink-p2p.de\/wp-content\/uploads\/2025\/02\/Viainvest-Avis-P2P--300x75.jpg 300w, https:\/\/rethink-p2p.de\/wp-content\/uploads\/2025\/02\/Viainvest-Avis-P2P--768x192.jpg 768w\" data-sizes=\"(max-width: 800px) 100vw, 800px\" src=\"data:image\/gif;base64,R0lGODlhAQABAAAAACH5BAEKAAEALAAAAAABAAEAAAICTAEAOw==\" style=\"--smush-placeholder-width: 800px; --smush-placeholder-aspect-ratio: 800\/200;\" \/><noscript><img decoding=\"async\" loading=\"lazy\" class=\"alignnone wp-image-26100 size-full\" src=\"https:\/\/rethink-p2p.de\/wp-content\/uploads\/2025\/02\/Viainvest-Avis-P2P-.jpg\" alt=\"\" width=\"800\" height=\"200\" srcset=\"https:\/\/rethink-p2p.de\/wp-content\/uploads\/2025\/02\/Viainvest-Avis-P2P-.jpg 800w, https:\/\/rethink-p2p.de\/wp-content\/uploads\/2025\/02\/Viainvest-Avis-P2P--300x75.jpg 300w, https:\/\/rethink-p2p.de\/wp-content\/uploads\/2025\/02\/Viainvest-Avis-P2P--768x192.jpg 768w\" sizes=\"(max-width: 800px) 100vw, 800px\" \/><\/noscript><\/a><\/p>\n<\/div>\n\n\n\n<div class=\"wp-block-column is-layout-flow\" style=\"flex-basis:33.33%\">\n<p style=\"text-align: right;\"><a href=\"https:\/\/rethink-p2p.de\/fr\/viainvest-avis\/\" class=\"su-button su-button-style-default\" style=\"color:#ffffff;background-color:#0142ff;border-color:#0135cc;border-radius:8px\" target=\"_blank\" rel=\"noopener noreferrer\"><span style=\"color:#ffffff;padding:0px 22px;font-size:17px;line-height:34px;border-color:#4e7bff;border-radius:8px;text-shadow:0px 0px 0px #000000\"> \u25b7 <strong>Avis sur VIAINVEST<\/strong><\/span><\/a>\n<p style=\"text-align: right;\"><a href=\"http:\/\/bit.ly\/rethinkp2p-fr-viainvest\" class=\"su-button su-button-style-default\" style=\"color:#ffffff;background-color:#0aad27;border-color:#088b20;border-radius:8px\" target=\"_blank\" rel=\"noopener noreferrer\"><span style=\"color:#ffffff;padding:0px 22px;font-size:17px;line-height:34px;border-color:#54c668;border-radius:8px;text-shadow:0px 0px 0px #000000\"> <strong>1 % de Cashback | 60 Jours<\/strong><\/span><\/a>\n<\/div>\n<\/div>\n\n\n\n<div class=\"wp-block-columns is-layout-flex wp-container-9\">\n<div class=\"wp-block-column is-layout-flow\" style=\"flex-basis:66.66%\">\n<p><a href=\"https:\/\/rethink-p2p.de\/fr\/debitum-avis\/\" target=\"_blank\" rel=\"noopener\"><img decoding=\"async\" loading=\"lazy\" class=\"alignnone wp-image-26105 size-full lazyload\" data-src=\"https:\/\/rethink-p2p.de\/wp-content\/uploads\/2025\/02\/Debitum-Avis-P2P.jpg\" alt=\"\" width=\"800\" height=\"200\" data-srcset=\"https:\/\/rethink-p2p.de\/wp-content\/uploads\/2025\/02\/Debitum-Avis-P2P.jpg 800w, https:\/\/rethink-p2p.de\/wp-content\/uploads\/2025\/02\/Debitum-Avis-P2P-300x75.jpg 300w, https:\/\/rethink-p2p.de\/wp-content\/uploads\/2025\/02\/Debitum-Avis-P2P-768x192.jpg 768w\" data-sizes=\"(max-width: 800px) 100vw, 800px\" src=\"data:image\/gif;base64,R0lGODlhAQABAAAAACH5BAEKAAEALAAAAAABAAEAAAICTAEAOw==\" style=\"--smush-placeholder-width: 800px; --smush-placeholder-aspect-ratio: 800\/200;\" \/><noscript><img decoding=\"async\" loading=\"lazy\" class=\"alignnone wp-image-26105 size-full\" src=\"https:\/\/rethink-p2p.de\/wp-content\/uploads\/2025\/02\/Debitum-Avis-P2P.jpg\" alt=\"\" width=\"800\" height=\"200\" srcset=\"https:\/\/rethink-p2p.de\/wp-content\/uploads\/2025\/02\/Debitum-Avis-P2P.jpg 800w, https:\/\/rethink-p2p.de\/wp-content\/uploads\/2025\/02\/Debitum-Avis-P2P-300x75.jpg 300w, https:\/\/rethink-p2p.de\/wp-content\/uploads\/2025\/02\/Debitum-Avis-P2P-768x192.jpg 768w\" sizes=\"(max-width: 800px) 100vw, 800px\" \/><\/noscript><\/a><\/p>\n<\/div>\n\n\n\n<div class=\"wp-block-column is-layout-flow\" style=\"flex-basis:33.33%\">\n<p style=\"text-align: right;\"><a href=\"https:\/\/rethink-p2p.de\/fr\/debitum-avis\/\" class=\"su-button su-button-style-default\" style=\"color:#ffffff;background-color:#0142ff;border-color:#0135cc;border-radius:8px\" target=\"_blank\" rel=\"noopener noreferrer\"><span style=\"color:#ffffff;padding:0px 22px;font-size:17px;line-height:34px;border-color:#4e7bff;border-radius:8px;text-shadow:0px 0px 0px #000000\"> \u25b7 <strong>Avis sur Debitum<\/strong><\/span><\/a>\n<p style=\"text-align: right;\"><a href=\"http:\/\/bit.ly\/rethinkp2p-fr-debitum\" class=\"su-button su-button-style-default\" style=\"color:#ffffff;background-color:#0aad27;border-color:#088b20;border-radius:8px\" target=\"_blank\" rel=\"noopener noreferrer\"><span style=\"color:#ffffff;padding:0px 22px;font-size:17px;line-height:34px;border-color:#54c668;border-radius:8px;text-shadow:0px 0px 0px #000000\"> <strong>1 % de Cashback | 60 Jours<\/strong><\/span><\/a>\n<\/div>\n<\/div>\n","protected":false},"excerpt":{"rendered":"","protected":false},"author":1,"featured_media":0,"parent":0,"menu_order":0,"comment_status":"closed","ping_status":"closed","template":"","meta":[],"yoast_head":"<!-- This site is optimized with the Yoast SEO plugin v21.8.1 - https:\/\/yoast.com\/wordpress\/plugins\/seo\/ -->\n<title>re:think P2P | Avis, Comparaisons et \u00c9valuations<\/title>\n<meta name=\"description\" content=\"Blog Financier en Fran\u00e7ais sur le Pr\u00eat P2P. Avec des Critiques Approfondies, des Comparaisons de Plateformes P2P et des \u00c9valuations Exclusives.\" \/>\n<meta name=\"robots\" content=\"index, follow, max-snippet:-1, max-image-preview:large, max-video-preview:-1\" \/>\n<link rel=\"canonical\" href=\"https:\/\/rethink-p2p.de\/fr\/\" \/>\n<meta property=\"og:locale\" content=\"fr_FR\" \/>\n<meta property=\"og:type\" content=\"article\" \/>\n<meta property=\"og:title\" content=\"re:think P2P | Avis, Comparaisons et \u00c9valuations\" \/>\n<meta property=\"og:description\" content=\"Blog Financier en Fran\u00e7ais sur le Pr\u00eat P2P. Avec des Critiques Approfondies, des Comparaisons de Plateformes P2P et des \u00c9valuations Exclusives.\" \/>\n<meta property=\"og:url\" content=\"https:\/\/rethink-p2p.de\/fr\/\" \/>\n<meta property=\"og:site_name\" content=\"re:think P2P\" \/>\n<meta property=\"article:publisher\" content=\"http:\/\/fb.me\/rethinkp2p\" \/>\n<meta property=\"article:modified_time\" content=\"2026-01-12T16:03:58+00:00\" \/>\n<meta property=\"og:image\" content=\"https:\/\/rethink-p2p.de\/wp-content\/uploads\/2024\/09\/Denny-Neidhardt-P2P-Kredite-Erfahrungen-Blog-2024.png\" \/>\n<meta name=\"twitter:card\" content=\"summary_large_image\" \/>\n<meta name=\"twitter:label1\" content=\"Dur\u00e9e de lecture estim\u00e9e\" \/>\n\t<meta name=\"twitter:data1\" content=\"2 minutes\" \/>\n<!-- \/ Yoast SEO plugin. -->","yoast_head_json":{"title":"re:think P2P | Avis, Comparaisons et \u00c9valuations","description":"Blog Financier en Fran\u00e7ais sur le Pr\u00eat P2P. Avec des Critiques Approfondies, des Comparaisons de Plateformes P2P et des \u00c9valuations Exclusives.","robots":{"index":"index","follow":"follow","max-snippet":"max-snippet:-1","max-image-preview":"max-image-preview:large","max-video-preview":"max-video-preview:-1"},"canonical":"https:\/\/rethink-p2p.de\/fr\/","og_locale":"fr_FR","og_type":"article","og_title":"re:think P2P | Avis, Comparaisons et \u00c9valuations","og_description":"Blog Financier en Fran\u00e7ais sur le Pr\u00eat P2P. Avec des Critiques Approfondies, des Comparaisons de Plateformes P2P et des \u00c9valuations Exclusives.","og_url":"https:\/\/rethink-p2p.de\/fr\/","og_site_name":"re:think P2P","article_publisher":"http:\/\/fb.me\/rethinkp2p","article_modified_time":"2026-01-12T16:03:58+00:00","og_image":[{"url":"https:\/\/rethink-p2p.de\/wp-content\/uploads\/2024\/09\/Denny-Neidhardt-P2P-Kredite-Erfahrungen-Blog-2024.png"}],"twitter_card":"summary_large_image","twitter_misc":{"Dur\u00e9e de lecture estim\u00e9e":"2 minutes"},"schema":{"@context":"https:\/\/schema.org","@graph":[{"@type":"WebPage","@id":"https:\/\/rethink-p2p.de\/fr\/","url":"https:\/\/rethink-p2p.de\/fr\/","name":"re:think P2P | Avis, Comparaisons et \u00c9valuations","isPartOf":{"@id":"https:\/\/rethink-p2p.de\/fr\/#website"},"datePublished":"2026-01-12T05:00:00+00:00","dateModified":"2026-01-12T16:03:58+00:00","description":"Blog Financier en Fran\u00e7ais sur le Pr\u00eat P2P. Avec des Critiques Approfondies, des Comparaisons de Plateformes P2P et des \u00c9valuations Exclusives.","breadcrumb":{"@id":"https:\/\/rethink-p2p.de\/fr\/#breadcrumb"},"inLanguage":"fr-FR","potentialAction":[{"@type":"ReadAction","target":["https:\/\/rethink-p2p.de\/fr\/"]}]},{"@type":"BreadcrumbList","@id":"https:\/\/rethink-p2p.de\/fr\/#breadcrumb","itemListElement":[{"@type":"ListItem","position":1,"name":"Accueil","item":"https:\/\/rethink-p2p.de\/fr\/"},{"@type":"ListItem","position":2,"name":"rethink P2P"}]},{"@type":"WebSite","@id":"https:\/\/rethink-p2p.de\/fr\/#website","url":"https:\/\/rethink-p2p.de\/fr\/","name":"re:think P2P","description":"Analyses et Comparaisons des Plateformes de Pr\u00eat P2P","potentialAction":[{"@type":"SearchAction","target":{"@type":"EntryPoint","urlTemplate":"https:\/\/rethink-p2p.de\/fr\/?s={search_term_string}"},"query-input":"required name=search_term_string"}],"inLanguage":"fr-FR"}]}},"_links":{"self":[{"href":"https:\/\/rethink-p2p.de\/fr\/wp-json\/wp\/v2\/pages\/25992"}],"collection":[{"href":"https:\/\/rethink-p2p.de\/fr\/wp-json\/wp\/v2\/pages"}],"about":[{"href":"https:\/\/rethink-p2p.de\/fr\/wp-json\/wp\/v2\/types\/page"}],"author":[{"embeddable":true,"href":"https:\/\/rethink-p2p.de\/fr\/wp-json\/wp\/v2\/users\/1"}],"replies":[{"embeddable":true,"href":"https:\/\/rethink-p2p.de\/fr\/wp-json\/wp\/v2\/comments?post=25992"}],"version-history":[{"count":6,"href":"https:\/\/rethink-p2p.de\/fr\/wp-json\/wp\/v2\/pages\/25992\/revisions"}],"predecessor-version":[{"id":31029,"href":"https:\/\/rethink-p2p.de\/fr\/wp-json\/wp\/v2\/pages\/25992\/revisions\/31029"}],"wp:attachment":[{"href":"https:\/\/rethink-p2p.de\/fr\/wp-json\/wp\/v2\/media?parent=25992"}],"curies":[{"name":"wp","href":"https:\/\/api.w.org\/{rel}","templated":true}]}}