{"id":30676,"date":"2018-12-05T06:00:14","date_gmt":"2018-12-05T05:00:14","guid":{"rendered":"https:\/\/rethink-p2p.de\/aviso-legal\/"},"modified":"2025-12-11T10:58:58","modified_gmt":"2025-12-11T09:58:58","slug":"aviso-legal","status":"publish","type":"page","link":"https:\/\/rethink-p2p.de\/es\/aviso-legal\/","title":{"rendered":"Aviso Legal"},"content":{"rendered":"\r\n<p data-start=\"200\" data-end=\"377\"><strong>Operador \/ Responsable del Contenido<\/strong><\/p>\r\n<ul>\r\n<li data-start=\"200\" data-end=\"377\">rethinkp2p O\u00dc<\/li>\r\n<li data-start=\"200\" data-end=\"377\">Address: Sepapaja tn 6, 15551 Tallinn, Estonia<\/li>\r\n<li data-start=\"200\" data-end=\"377\">Registry Code: 16572170<\/li>\r\n<li data-start=\"200\" data-end=\"377\">VAT Identification Number: EE102534542<\/li>\r\n<\/ul>\r\n<p data-start=\"379\" data-end=\"456\"><strong>Representado por<\/strong><\/p>\r\n<ul>\r\n<li data-start=\"379\" data-end=\"456\">Denny Neidhardt<\/li>\r\n<\/ul>\r\n<p>\u201cContact\u201d se traduce al espa\u00f1ol como:<\/p>\r\n<p><strong>Contacto<\/strong><\/p>\r\n<ul>\r\n<li data-start=\"458\" data-end=\"528\">E-mail: denny[at]rethink-p2p[punkt]de<\/li>\r\n<li data-start=\"458\" data-end=\"528\">Phone: +49 1745151860\u00a0<\/li>\r\n<\/ul>\r\n<p><strong>Responsabilidad por el Contenido<\/strong><\/p>\r\n<p>El contenido de este sitio web ha sido creado con el mayor cuidado. Sin embargo, no podemos asumir ninguna responsabilidad por la exactitud, integridad y actualidad del contenido. De acuerdo con el \u00a7 7 p\u00e1rrafo 1 de la Ley de Telemedios alemana (TMG), el proveedor es responsable de su propio contenido en estas p\u00e1ginas. La responsabilidad por enlaces externos recae \u00edntegramente en los operadores de las p\u00e1ginas vinculadas.<\/p>\r\n<p><strong>Resoluci\u00f3n de Disputas \/ Resoluci\u00f3n de Disputas en L\u00ednea<\/strong><\/p>\r\n<p>No estamos obligados ni dispuestos a participar en un procedimiento de resoluci\u00f3n de disputas ante una junta arbitral de consumidores.<\/p>\r\n","protected":false},"excerpt":{"rendered":"","protected":false},"author":1,"featured_media":0,"parent":0,"menu_order":0,"comment_status":"closed","ping_status":"closed","template":"template-centered.php","meta":[],"yoast_head":"<!-- This site is optimized with the Yoast SEO plugin v21.8.1 - https:\/\/yoast.com\/wordpress\/plugins\/seo\/ -->\n<title>Aviso Legal - re:think P2P<\/title>\n<meta name=\"robots\" content=\"noindex, follow\" \/>\n<meta property=\"og:locale\" content=\"es_ES\" \/>\n<meta property=\"og:type\" content=\"article\" \/>\n<meta property=\"og:title\" content=\"Aviso Legal - re:think P2P\" \/>\n<meta property=\"og:url\" content=\"https:\/\/rethink-p2p.de\/es\/aviso-legal\/\" \/>\n<meta property=\"og:site_name\" content=\"re:think P2P\" \/>\n<meta property=\"article:publisher\" content=\"http:\/\/fb.me\/rethinkp2p\" \/>\n<meta property=\"article:modified_time\" content=\"2025-12-11T09:58:58+00:00\" \/>\n<meta name=\"twitter:card\" content=\"summary_large_image\" \/>\n<meta name=\"twitter:label1\" content=\"Tiempo de lectura\" \/>\n\t<meta name=\"twitter:data1\" content=\"1 minuto\" \/>\n<!-- \/ Yoast SEO plugin. -->","yoast_head_json":{"title":"Aviso Legal - re:think P2P","robots":{"index":"noindex","follow":"follow"},"og_locale":"es_ES","og_type":"article","og_title":"Aviso Legal - re:think P2P","og_url":"https:\/\/rethink-p2p.de\/es\/aviso-legal\/","og_site_name":"re:think P2P","article_publisher":"http:\/\/fb.me\/rethinkp2p","article_modified_time":"2025-12-11T09:58:58+00:00","twitter_card":"summary_large_image","twitter_misc":{"Tiempo de lectura":"1 minuto"},"schema":{"@context":"https:\/\/schema.org","@graph":[{"@type":"WebPage","@id":"https:\/\/rethink-p2p.de\/es\/aviso-legal\/","url":"https:\/\/rethink-p2p.de\/es\/aviso-legal\/","name":"Aviso Legal - re:think P2P","isPartOf":{"@id":"https:\/\/rethink-p2p.de\/es\/#website"},"datePublished":"2018-12-05T05:00:14+00:00","dateModified":"2025-12-11T09:58:58+00:00","breadcrumb":{"@id":"https:\/\/rethink-p2p.de\/es\/aviso-legal\/#breadcrumb"},"inLanguage":"es","potentialAction":[{"@type":"ReadAction","target":["https:\/\/rethink-p2p.de\/es\/aviso-legal\/"]}]},{"@type":"BreadcrumbList","@id":"https:\/\/rethink-p2p.de\/es\/aviso-legal\/#breadcrumb","itemListElement":[{"@type":"ListItem","position":1,"name":"Portada","item":"https:\/\/rethink-p2p.de\/es\/"},{"@type":"ListItem","position":2,"name":"Aviso Legal"}]},{"@type":"WebSite","@id":"https:\/\/rethink-p2p.de\/es\/#website","url":"https:\/\/rethink-p2p.de\/es\/","name":"re:think P2P","description":"Opiniones y Comparativas de Plataformas P2P en Profundidad","potentialAction":[{"@type":"SearchAction","target":{"@type":"EntryPoint","urlTemplate":"https:\/\/rethink-p2p.de\/es\/?s={search_term_string}"},"query-input":"required name=search_term_string"}],"inLanguage":"es"}]}},"_links":{"self":[{"href":"https:\/\/rethink-p2p.de\/es\/wp-json\/wp\/v2\/pages\/30676"}],"collection":[{"href":"https:\/\/rethink-p2p.de\/es\/wp-json\/wp\/v2\/pages"}],"about":[{"href":"https:\/\/rethink-p2p.de\/es\/wp-json\/wp\/v2\/types\/page"}],"author":[{"embeddable":true,"href":"https:\/\/rethink-p2p.de\/es\/wp-json\/wp\/v2\/users\/1"}],"replies":[{"embeddable":true,"href":"https:\/\/rethink-p2p.de\/es\/wp-json\/wp\/v2\/comments?post=30676"}],"version-history":[{"count":2,"href":"https:\/\/rethink-p2p.de\/es\/wp-json\/wp\/v2\/pages\/30676\/revisions"}],"predecessor-version":[{"id":30678,"href":"https:\/\/rethink-p2p.de\/es\/wp-json\/wp\/v2\/pages\/30676\/revisions\/30678"}],"wp:attachment":[{"href":"https:\/\/rethink-p2p.de\/es\/wp-json\/wp\/v2\/media?parent=30676"}],"curies":[{"name":"wp","href":"https:\/\/api.w.org\/{rel}","templated":true}]}}