{"id":24717,"date":"2024-12-09T06:00:00","date_gmt":"2024-12-09T05:00:00","guid":{"rendered":"https:\/\/rethink-p2p.de\/marco-opiniones-una-buena-opcion-para-los-inversores-p2p\/"},"modified":"2024-12-09T09:21:46","modified_gmt":"2024-12-09T08:21:46","slug":"marco-opiniones","status":"publish","type":"page","link":"https:\/\/rethink-p2p.de\/es\/marco-opiniones\/","title":{"rendered":"Marco Opiniones: \u00bfUna buena opci\u00f3n para los inversores P2P?"},"content":{"rendered":"<p>En las pr\u00f3ximas semanas, esta p\u00e1gina ofrecer\u00e1 una rese\u00f1a en profundidad de la plataforma P2P Marco, de reciente lanzamiento.<\/p>\n","protected":false},"excerpt":{"rendered":"","protected":false},"author":1,"featured_media":0,"parent":0,"menu_order":0,"comment_status":"open","ping_status":"closed","template":"","meta":[],"yoast_head":"<!-- This site is optimized with the Yoast SEO plugin v21.8.1 - https:\/\/yoast.com\/wordpress\/plugins\/seo\/ -->\n<title>Marco Opiniones: \u00bfUna buena opci\u00f3n para los inversores P2P? - re:think P2P<\/title>\n<meta name=\"description\" content=\"Marco Opiniones 2025: \u00bfEs la plataforma P2P una buena opci\u00f3n para los inversores?\" \/>\n<meta name=\"robots\" content=\"index, follow, max-snippet:-1, max-image-preview:large, max-video-preview:-1\" \/>\n<link rel=\"canonical\" href=\"https:\/\/rethink-p2p.de\/es\/marco-opiniones\/\" \/>\n<meta property=\"og:locale\" content=\"es_ES\" \/>\n<meta property=\"og:type\" content=\"article\" \/>\n<meta property=\"og:title\" content=\"Marco Opiniones: \u00bfUna buena opci\u00f3n para los inversores P2P? - re:think P2P\" \/>\n<meta property=\"og:description\" content=\"Marco Opiniones 2025: \u00bfEs la plataforma P2P una buena opci\u00f3n para los inversores?\" \/>\n<meta property=\"og:url\" content=\"https:\/\/rethink-p2p.de\/es\/marco-opiniones\/\" \/>\n<meta property=\"og:site_name\" content=\"re:think P2P\" \/>\n<meta property=\"article:publisher\" content=\"http:\/\/fb.me\/rethinkp2p\" \/>\n<meta property=\"article:modified_time\" content=\"2024-12-09T08:21:46+00:00\" \/>\n<meta name=\"twitter:card\" content=\"summary_large_image\" \/>\n<meta name=\"twitter:label1\" content=\"Tiempo de lectura\" \/>\n\t<meta name=\"twitter:data1\" content=\"1 minuto\" \/>\n<!-- \/ Yoast SEO plugin. -->","yoast_head_json":{"title":"Marco Opiniones: \u00bfUna buena opci\u00f3n para los inversores P2P? - re:think P2P","description":"Marco Opiniones 2025: \u00bfEs la plataforma P2P una buena opci\u00f3n para los inversores?","robots":{"index":"index","follow":"follow","max-snippet":"max-snippet:-1","max-image-preview":"max-image-preview:large","max-video-preview":"max-video-preview:-1"},"canonical":"https:\/\/rethink-p2p.de\/es\/marco-opiniones\/","og_locale":"es_ES","og_type":"article","og_title":"Marco Opiniones: \u00bfUna buena opci\u00f3n para los inversores P2P? - re:think P2P","og_description":"Marco Opiniones 2025: \u00bfEs la plataforma P2P una buena opci\u00f3n para los inversores?","og_url":"https:\/\/rethink-p2p.de\/es\/marco-opiniones\/","og_site_name":"re:think P2P","article_publisher":"http:\/\/fb.me\/rethinkp2p","article_modified_time":"2024-12-09T08:21:46+00:00","twitter_card":"summary_large_image","twitter_misc":{"Tiempo de lectura":"1 minuto"},"schema":{"@context":"https:\/\/schema.org","@graph":[{"@type":"WebPage","@id":"https:\/\/rethink-p2p.de\/es\/marco-opiniones\/","url":"https:\/\/rethink-p2p.de\/es\/marco-opiniones\/","name":"Marco Opiniones: \u00bfUna buena opci\u00f3n para los inversores P2P? - re:think P2P","isPartOf":{"@id":"https:\/\/rethink-p2p.de\/es\/#website"},"datePublished":"2024-12-09T05:00:00+00:00","dateModified":"2024-12-09T08:21:46+00:00","description":"Marco Opiniones 2025: \u00bfEs la plataforma P2P una buena opci\u00f3n para los inversores?","breadcrumb":{"@id":"https:\/\/rethink-p2p.de\/es\/marco-opiniones\/#breadcrumb"},"inLanguage":"es","potentialAction":[{"@type":"ReadAction","target":["https:\/\/rethink-p2p.de\/es\/marco-opiniones\/"]}]},{"@type":"BreadcrumbList","@id":"https:\/\/rethink-p2p.de\/es\/marco-opiniones\/#breadcrumb","itemListElement":[{"@type":"ListItem","position":1,"name":"Portada","item":"https:\/\/rethink-p2p.de\/es\/"},{"@type":"ListItem","position":2,"name":"Marco Opiniones: \u00bfUna buena opci\u00f3n para los inversores P2P?"}]},{"@type":"WebSite","@id":"https:\/\/rethink-p2p.de\/es\/#website","url":"https:\/\/rethink-p2p.de\/es\/","name":"re:think P2P","description":"Opiniones y Comparativas de Plataformas P2P en Profundidad","potentialAction":[{"@type":"SearchAction","target":{"@type":"EntryPoint","urlTemplate":"https:\/\/rethink-p2p.de\/es\/?s={search_term_string}"},"query-input":"required name=search_term_string"}],"inLanguage":"es"}]}},"_links":{"self":[{"href":"https:\/\/rethink-p2p.de\/es\/wp-json\/wp\/v2\/pages\/24717"}],"collection":[{"href":"https:\/\/rethink-p2p.de\/es\/wp-json\/wp\/v2\/pages"}],"about":[{"href":"https:\/\/rethink-p2p.de\/es\/wp-json\/wp\/v2\/types\/page"}],"author":[{"embeddable":true,"href":"https:\/\/rethink-p2p.de\/es\/wp-json\/wp\/v2\/users\/1"}],"replies":[{"embeddable":true,"href":"https:\/\/rethink-p2p.de\/es\/wp-json\/wp\/v2\/comments?post=24717"}],"version-history":[{"count":1,"href":"https:\/\/rethink-p2p.de\/es\/wp-json\/wp\/v2\/pages\/24717\/revisions"}],"predecessor-version":[{"id":24718,"href":"https:\/\/rethink-p2p.de\/es\/wp-json\/wp\/v2\/pages\/24717\/revisions\/24718"}],"wp:attachment":[{"href":"https:\/\/rethink-p2p.de\/es\/wp-json\/wp\/v2\/media?parent=24717"}],"curies":[{"name":"wp","href":"https:\/\/api.w.org\/{rel}","templated":true}]}}