{"id":20675,"date":"2026-01-12T06:00:00","date_gmt":"2026-01-12T05:00:00","guid":{"rendered":"https:\/\/rethink-p2p.de\/?page_id=20675"},"modified":"2026-01-12T17:01:40","modified_gmt":"2026-01-12T16:01:40","slug":"rethink-p2p","status":"publish","type":"page","link":"https:\/\/rethink-p2p.de\/es\/","title":{"rendered":"re:think P2P"},"content":{"rendered":"<p><a href=\"https:\/\/rethink-p2p.de\/wp-content\/uploads\/2024\/09\/Denny-Neidhardt-P2P-Kredite-Erfahrungen-Blog-2024.png\"><img decoding=\"async\" loading=\"lazy\" class=\"alignleft wp-image-23532 lazyload\" data-src=\"https:\/\/rethink-p2p.de\/wp-content\/uploads\/2024\/09\/Denny-Neidhardt-P2P-Kredite-Erfahrungen-Blog-2024.png\" alt=\"\" width=\"250\" height=\"250\" data-srcset=\"https:\/\/rethink-p2p.de\/wp-content\/uploads\/2024\/09\/Denny-Neidhardt-P2P-Kredite-Erfahrungen-Blog-2024.png 536w, https:\/\/rethink-p2p.de\/wp-content\/uploads\/2024\/09\/Denny-Neidhardt-P2P-Kredite-Erfahrungen-Blog-2024-300x300.png 300w, https:\/\/rethink-p2p.de\/wp-content\/uploads\/2024\/09\/Denny-Neidhardt-P2P-Kredite-Erfahrungen-Blog-2024-150x150.png 150w, https:\/\/rethink-p2p.de\/wp-content\/uploads\/2024\/09\/Denny-Neidhardt-P2P-Kredite-Erfahrungen-Blog-2024-70x70.png 70w\" data-sizes=\"(max-width: 250px) 100vw, 250px\" src=\"data:image\/gif;base64,R0lGODlhAQABAAAAACH5BAEKAAEALAAAAAABAAEAAAICTAEAOw==\" style=\"--smush-placeholder-width: 250px; --smush-placeholder-aspect-ratio: 250\/250;\" \/><noscript><img decoding=\"async\" loading=\"lazy\" class=\"alignleft wp-image-23532\" src=\"https:\/\/rethink-p2p.de\/wp-content\/uploads\/2024\/09\/Denny-Neidhardt-P2P-Kredite-Erfahrungen-Blog-2024.png\" alt=\"\" width=\"250\" height=\"250\" srcset=\"https:\/\/rethink-p2p.de\/wp-content\/uploads\/2024\/09\/Denny-Neidhardt-P2P-Kredite-Erfahrungen-Blog-2024.png 536w, https:\/\/rethink-p2p.de\/wp-content\/uploads\/2024\/09\/Denny-Neidhardt-P2P-Kredite-Erfahrungen-Blog-2024-300x300.png 300w, https:\/\/rethink-p2p.de\/wp-content\/uploads\/2024\/09\/Denny-Neidhardt-P2P-Kredite-Erfahrungen-Blog-2024-150x150.png 150w, https:\/\/rethink-p2p.de\/wp-content\/uploads\/2024\/09\/Denny-Neidhardt-P2P-Kredite-Erfahrungen-Blog-2024-70x70.png 70w\" sizes=\"(max-width: 250px) 100vw, 250px\" \/><\/noscript><\/a>Hola, <a href=\"https:\/\/rethink-p2p.de\/es\/sobre-mi\/\" target=\"_blank\" rel=\"noopener\"><strong>mi nombre es Denny<\/strong><\/a>. Bienvenido a mi Blog sobre P2P. En esta p\u00e1gina ayudo a los inversores privados a tomar mejores y m\u00e1s educadas decisiones de inversi\u00f3n cuando se trata de Crowdfunding y Crowdlending. Para ello, elaboro <a href=\"https:\/\/rethink-p2p.de\/es\/opiniones-plataformas-p2p\/\" target=\"_blank\" rel=\"noopener\"><strong>opiniones<\/strong><\/a> en profundidad sobre las mayores y m\u00e1s extendidas plataformas P2P de Europa. Revelo las estructuras de propiedad, los modelos empresariales, as\u00ed como los riesgos subyacentes, para que los inversores puedan obtener la mejor perspectiva de rentabilidad por su dinero.<\/p>\n<p>Si te gusta este contenido, no olvides suscribirte a <a href=\"https:\/\/www.youtube.com\/@rethink-p2p\" target=\"_blank\" rel=\"noopener\"><strong>mi canal de YouTube en ingl\u00e9s<\/strong><\/a>. Aqu\u00ed es donde puedes encontrar actualizaciones mensuales de la cartera y perspectivas sobre los desarrollos actuales en la industria P2P.<\/p>\n<h2>Opiniones Plataformas P2P de Moda<\/h2>\n\n\n<div class=\"wp-block-columns is-layout-flex wp-container-3\">\n<div class=\"wp-block-column is-layout-flow\" style=\"flex-basis:66.66%\">\n<p><a href=\"https:\/\/rethink-p2p.de\/es\/viainvest-opiniones\/\" target=\"_blank\" rel=\"noopener\"><img decoding=\"async\" loading=\"lazy\" class=\"alignnone wp-image-25267 size-full lazyload\" data-src=\"https:\/\/rethink-p2p.de\/wp-content\/uploads\/2025\/01\/Viainvest-Opiniones-P2P-2025-.png\" alt=\"\" width=\"800\" height=\"200\" data-srcset=\"https:\/\/rethink-p2p.de\/wp-content\/uploads\/2025\/01\/Viainvest-Opiniones-P2P-2025-.png 800w, https:\/\/rethink-p2p.de\/wp-content\/uploads\/2025\/01\/Viainvest-Opiniones-P2P-2025--300x75.png 300w, https:\/\/rethink-p2p.de\/wp-content\/uploads\/2025\/01\/Viainvest-Opiniones-P2P-2025--768x192.png 768w\" data-sizes=\"(max-width: 800px) 100vw, 800px\" src=\"data:image\/gif;base64,R0lGODlhAQABAAAAACH5BAEKAAEALAAAAAABAAEAAAICTAEAOw==\" style=\"--smush-placeholder-width: 800px; --smush-placeholder-aspect-ratio: 800\/200;\" \/><noscript><img decoding=\"async\" loading=\"lazy\" class=\"alignnone wp-image-25267 size-full\" src=\"https:\/\/rethink-p2p.de\/wp-content\/uploads\/2025\/01\/Viainvest-Opiniones-P2P-2025-.png\" alt=\"\" width=\"800\" height=\"200\" srcset=\"https:\/\/rethink-p2p.de\/wp-content\/uploads\/2025\/01\/Viainvest-Opiniones-P2P-2025-.png 800w, https:\/\/rethink-p2p.de\/wp-content\/uploads\/2025\/01\/Viainvest-Opiniones-P2P-2025--300x75.png 300w, https:\/\/rethink-p2p.de\/wp-content\/uploads\/2025\/01\/Viainvest-Opiniones-P2P-2025--768x192.png 768w\" sizes=\"(max-width: 800px) 100vw, 800px\" \/><\/noscript><\/a><\/p>\n<\/div>\n\n\n\n<div class=\"wp-block-column is-layout-flow\" style=\"flex-basis:33.33%\">\n<p style=\"text-align: right;\"><a href=\"https:\/\/rethink-p2p.de\/es\/viainvest-opiniones\/\" class=\"su-button su-button-style-default\" style=\"color:#ffffff;background-color:#0142ff;border-color:#0135cc;border-radius:8px\" target=\"_blank\" rel=\"noopener noreferrer\"><span style=\"color:#ffffff;padding:0px 22px;font-size:17px;line-height:34px;border-color:#4e7bff;border-radius:8px;text-shadow:0px 0px 0px #000000\"> \u25b7 <strong>Viainvest&nbsp;Opiniones<\/strong><\/span><\/a>\n<p style=\"text-align: right;\"><a href=\"http:\/\/bit.ly\/rethinkp2p-es-viainvest\" class=\"su-button su-button-style-default\" style=\"color:#ffffff;background-color:#0aad27;border-color:#088b20;border-radius:8px\" target=\"_blank\" rel=\"noopener noreferrer\"><span style=\"color:#ffffff;padding:0px 22px;font-size:17px;line-height:34px;border-color:#54c668;border-radius:8px;text-shadow:0px 0px 0px #000000\"> <strong>1% de Cashback (60 D\u00edas)<\/strong><\/span><\/a>\n<\/div>\n<\/div>\n\n\n\n<div class=\"wp-block-columns is-layout-flex wp-container-6\">\n<div class=\"wp-block-column is-layout-flow\" style=\"flex-basis:66.66%\">\n<p><a href=\"https:\/\/rethink-p2p.de\/es\/debitum-opiniones\/\" target=\"_blank\" rel=\"noopener\"><img decoding=\"async\" loading=\"lazy\" class=\"alignnone wp-image-25271 size-full lazyload\" data-src=\"https:\/\/rethink-p2p.de\/wp-content\/uploads\/2025\/01\/Debitum-Opiniones-P2P-2025.png\" alt=\"\" width=\"800\" height=\"200\" data-srcset=\"https:\/\/rethink-p2p.de\/wp-content\/uploads\/2025\/01\/Debitum-Opiniones-P2P-2025.png 800w, https:\/\/rethink-p2p.de\/wp-content\/uploads\/2025\/01\/Debitum-Opiniones-P2P-2025-300x75.png 300w, https:\/\/rethink-p2p.de\/wp-content\/uploads\/2025\/01\/Debitum-Opiniones-P2P-2025-768x192.png 768w\" data-sizes=\"(max-width: 800px) 100vw, 800px\" src=\"data:image\/gif;base64,R0lGODlhAQABAAAAACH5BAEKAAEALAAAAAABAAEAAAICTAEAOw==\" style=\"--smush-placeholder-width: 800px; --smush-placeholder-aspect-ratio: 800\/200;\" \/><noscript><img decoding=\"async\" loading=\"lazy\" class=\"alignnone wp-image-25271 size-full\" src=\"https:\/\/rethink-p2p.de\/wp-content\/uploads\/2025\/01\/Debitum-Opiniones-P2P-2025.png\" alt=\"\" width=\"800\" height=\"200\" srcset=\"https:\/\/rethink-p2p.de\/wp-content\/uploads\/2025\/01\/Debitum-Opiniones-P2P-2025.png 800w, https:\/\/rethink-p2p.de\/wp-content\/uploads\/2025\/01\/Debitum-Opiniones-P2P-2025-300x75.png 300w, https:\/\/rethink-p2p.de\/wp-content\/uploads\/2025\/01\/Debitum-Opiniones-P2P-2025-768x192.png 768w\" sizes=\"(max-width: 800px) 100vw, 800px\" \/><\/noscript><\/a><\/p>\n<\/div>\n\n\n\n<div class=\"wp-block-column is-layout-flow\" style=\"flex-basis:33.33%\">\n<p style=\"text-align: right;\"><a href=\"https:\/\/rethink-p2p.de\/es\/debitum-opiniones\/\" class=\"su-button su-button-style-default\" style=\"color:#ffffff;background-color:#0142ff;border-color:#0135cc;border-radius:8px\" target=\"_blank\" rel=\"noopener noreferrer\"><span style=\"color:#ffffff;padding:0px 22px;font-size:17px;line-height:34px;border-color:#4e7bff;border-radius:8px;text-shadow:0px 0px 0px #000000\"> \u25b7 <strong>Debitum Opiniones<\/strong><\/span><\/a>\n<p style=\"text-align: right;\"><a href=\"http:\/\/bit.ly\/rethinkp2p-es-debitum\" class=\"su-button su-button-style-default\" style=\"color:#ffffff;background-color:#0aad27;border-color:#088b20;border-radius:8px\" target=\"_blank\" rel=\"noopener noreferrer\"><span style=\"color:#ffffff;padding:0px 22px;font-size:17px;line-height:34px;border-color:#54c668;border-radius:8px;text-shadow:0px 0px 0px #000000\"> <strong>1% de Cashback (60 D\u00edas)<\/strong><\/span><\/a>\n<\/div>\n<\/div>\n\n\n\n<div class=\"wp-block-columns is-layout-flex wp-container-9\">\n<div class=\"wp-block-column is-layout-flow\" style=\"flex-basis:66.66%\">\n<p><a href=\"https:\/\/rethink-p2p.de\/es\/nectaro-opiniones\/\" target=\"_blank\" rel=\"noopener\"><img decoding=\"async\" loading=\"lazy\" class=\"alignnone wp-image-26644 size-full lazyload\" data-src=\"https:\/\/rethink-p2p.de\/wp-content\/uploads\/2025\/03\/Nectaro-Opiniones-P2P-2025.png\" alt=\"\" width=\"800\" height=\"200\" data-srcset=\"https:\/\/rethink-p2p.de\/wp-content\/uploads\/2025\/03\/Nectaro-Opiniones-P2P-2025.png 800w, https:\/\/rethink-p2p.de\/wp-content\/uploads\/2025\/03\/Nectaro-Opiniones-P2P-2025-300x75.png 300w, https:\/\/rethink-p2p.de\/wp-content\/uploads\/2025\/03\/Nectaro-Opiniones-P2P-2025-768x192.png 768w\" data-sizes=\"(max-width: 800px) 100vw, 800px\" src=\"data:image\/gif;base64,R0lGODlhAQABAAAAACH5BAEKAAEALAAAAAABAAEAAAICTAEAOw==\" style=\"--smush-placeholder-width: 800px; --smush-placeholder-aspect-ratio: 800\/200;\" \/><noscript><img decoding=\"async\" loading=\"lazy\" class=\"alignnone wp-image-26644 size-full\" src=\"https:\/\/rethink-p2p.de\/wp-content\/uploads\/2025\/03\/Nectaro-Opiniones-P2P-2025.png\" alt=\"\" width=\"800\" height=\"200\" srcset=\"https:\/\/rethink-p2p.de\/wp-content\/uploads\/2025\/03\/Nectaro-Opiniones-P2P-2025.png 800w, https:\/\/rethink-p2p.de\/wp-content\/uploads\/2025\/03\/Nectaro-Opiniones-P2P-2025-300x75.png 300w, https:\/\/rethink-p2p.de\/wp-content\/uploads\/2025\/03\/Nectaro-Opiniones-P2P-2025-768x192.png 768w\" sizes=\"(max-width: 800px) 100vw, 800px\" \/><\/noscript><\/a><\/p>\n<\/div>\n\n\n\n<div class=\"wp-block-column is-layout-flow\" style=\"flex-basis:33.33%\">\n<p style=\"text-align: right;\"><a href=\"https:\/\/rethink-p2p.de\/es\/nectaro-opiniones\/\" class=\"su-button su-button-style-default\" style=\"color:#ffffff;background-color:#0142ff;border-color:#0135cc;border-radius:8px\" target=\"_blank\" rel=\"noopener noreferrer\"><span style=\"color:#ffffff;padding:0px 22px;font-size:17px;line-height:34px;border-color:#4e7bff;border-radius:8px;text-shadow:0px 0px 0px #000000\"> \u25b7 <strong>Nectaro Opiniones<\/strong><\/span><\/a>\n<p style=\"text-align: right;\"><a href=\"http:\/\/bit.ly\/rethinkp2p-es-nectaro\" class=\"su-button su-button-style-default\" style=\"color:#ffffff;background-color:#0aad27;border-color:#088b20;border-radius:8px\" target=\"_blank\" rel=\"noopener noreferrer\"><span style=\"color:#ffffff;padding:0px 22px;font-size:17px;line-height:34px;border-color:#54c668;border-radius:8px;text-shadow:0px 0px 0px #000000\"> <strong>1% de Cashback (30 D\u00edas)<\/strong><\/span><\/a>\n<\/div>\n<\/div>\n","protected":false},"excerpt":{"rendered":"","protected":false},"author":1,"featured_media":0,"parent":0,"menu_order":0,"comment_status":"closed","ping_status":"closed","template":"","meta":[],"yoast_head":"<!-- This site is optimized with the Yoast SEO plugin v21.8.1 - https:\/\/yoast.com\/wordpress\/plugins\/seo\/ -->\n<title>re:think P2P | Opiniones, Comparaciones y Clasificaciones<\/title>\n<meta name=\"description\" content=\"Blog financiero espa\u00f1ol sobre pr\u00e9stamos P2P. Con opiniones en profundidad, comparaciones de plataformas P2P y valoraciones exclusivas.\" \/>\n<meta name=\"robots\" content=\"index, follow, max-snippet:-1, max-image-preview:large, max-video-preview:-1\" \/>\n<link rel=\"canonical\" href=\"https:\/\/rethink-p2p.de\/es\/\" \/>\n<meta property=\"og:locale\" content=\"es_ES\" \/>\n<meta property=\"og:type\" content=\"article\" \/>\n<meta property=\"og:title\" content=\"re:think P2P | Opiniones, Comparaciones y Clasificaciones\" \/>\n<meta property=\"og:description\" content=\"Blog financiero espa\u00f1ol sobre pr\u00e9stamos P2P. Con opiniones en profundidad, comparaciones de plataformas P2P y valoraciones exclusivas.\" \/>\n<meta property=\"og:url\" content=\"https:\/\/rethink-p2p.de\/es\/\" \/>\n<meta property=\"og:site_name\" content=\"re:think P2P\" \/>\n<meta property=\"article:publisher\" content=\"http:\/\/fb.me\/rethinkp2p\" \/>\n<meta property=\"article:modified_time\" content=\"2026-01-12T16:01:40+00:00\" \/>\n<meta property=\"og:image\" content=\"https:\/\/rethink-p2p.de\/wp-content\/uploads\/2024\/09\/Denny-Neidhardt-P2P-Kredite-Erfahrungen-Blog-2024.png\" \/>\n<meta name=\"twitter:card\" content=\"summary_large_image\" \/>\n<meta name=\"twitter:label1\" content=\"Tiempo de lectura\" \/>\n\t<meta name=\"twitter:data1\" content=\"2 minutos\" \/>\n<!-- \/ Yoast SEO plugin. -->","yoast_head_json":{"title":"re:think P2P | Opiniones, Comparaciones y Clasificaciones","description":"Blog financiero espa\u00f1ol sobre pr\u00e9stamos P2P. Con opiniones en profundidad, comparaciones de plataformas P2P y valoraciones exclusivas.","robots":{"index":"index","follow":"follow","max-snippet":"max-snippet:-1","max-image-preview":"max-image-preview:large","max-video-preview":"max-video-preview:-1"},"canonical":"https:\/\/rethink-p2p.de\/es\/","og_locale":"es_ES","og_type":"article","og_title":"re:think P2P | Opiniones, Comparaciones y Clasificaciones","og_description":"Blog financiero espa\u00f1ol sobre pr\u00e9stamos P2P. Con opiniones en profundidad, comparaciones de plataformas P2P y valoraciones exclusivas.","og_url":"https:\/\/rethink-p2p.de\/es\/","og_site_name":"re:think P2P","article_publisher":"http:\/\/fb.me\/rethinkp2p","article_modified_time":"2026-01-12T16:01:40+00:00","og_image":[{"url":"https:\/\/rethink-p2p.de\/wp-content\/uploads\/2024\/09\/Denny-Neidhardt-P2P-Kredite-Erfahrungen-Blog-2024.png"}],"twitter_card":"summary_large_image","twitter_misc":{"Tiempo de lectura":"2 minutos"},"schema":{"@context":"https:\/\/schema.org","@graph":[{"@type":"WebPage","@id":"https:\/\/rethink-p2p.de\/es\/","url":"https:\/\/rethink-p2p.de\/es\/","name":"re:think P2P | Opiniones, Comparaciones y Clasificaciones","isPartOf":{"@id":"https:\/\/rethink-p2p.de\/es\/#website"},"datePublished":"2026-01-12T05:00:00+00:00","dateModified":"2026-01-12T16:01:40+00:00","description":"Blog financiero espa\u00f1ol sobre pr\u00e9stamos P2P. Con opiniones en profundidad, comparaciones de plataformas P2P y valoraciones exclusivas.","breadcrumb":{"@id":"https:\/\/rethink-p2p.de\/es\/#breadcrumb"},"inLanguage":"es","potentialAction":[{"@type":"ReadAction","target":["https:\/\/rethink-p2p.de\/es\/"]}]},{"@type":"BreadcrumbList","@id":"https:\/\/rethink-p2p.de\/es\/#breadcrumb","itemListElement":[{"@type":"ListItem","position":1,"name":"Portada","item":"https:\/\/rethink-p2p.de\/es\/"},{"@type":"ListItem","position":2,"name":"re:think P2P"}]},{"@type":"WebSite","@id":"https:\/\/rethink-p2p.de\/es\/#website","url":"https:\/\/rethink-p2p.de\/es\/","name":"re:think P2P","description":"Opiniones y Comparativas de Plataformas P2P en Profundidad","potentialAction":[{"@type":"SearchAction","target":{"@type":"EntryPoint","urlTemplate":"https:\/\/rethink-p2p.de\/es\/?s={search_term_string}"},"query-input":"required name=search_term_string"}],"inLanguage":"es"}]}},"_links":{"self":[{"href":"https:\/\/rethink-p2p.de\/es\/wp-json\/wp\/v2\/pages\/20675"}],"collection":[{"href":"https:\/\/rethink-p2p.de\/es\/wp-json\/wp\/v2\/pages"}],"about":[{"href":"https:\/\/rethink-p2p.de\/es\/wp-json\/wp\/v2\/types\/page"}],"author":[{"embeddable":true,"href":"https:\/\/rethink-p2p.de\/es\/wp-json\/wp\/v2\/users\/1"}],"replies":[{"embeddable":true,"href":"https:\/\/rethink-p2p.de\/es\/wp-json\/wp\/v2\/comments?post=20675"}],"version-history":[{"count":11,"href":"https:\/\/rethink-p2p.de\/es\/wp-json\/wp\/v2\/pages\/20675\/revisions"}],"predecessor-version":[{"id":31026,"href":"https:\/\/rethink-p2p.de\/es\/wp-json\/wp\/v2\/pages\/20675\/revisions\/31026"}],"wp:attachment":[{"href":"https:\/\/rethink-p2p.de\/es\/wp-json\/wp\/v2\/media?parent=20675"}],"curies":[{"name":"wp","href":"https:\/\/api.w.org\/{rel}","templated":true}]}}