{"id":20565,"date":"2024-10-17T06:00:00","date_gmt":"2024-10-17T04:00:00","guid":{"rendered":"https:\/\/rethink-p2p.de\/ueber-mich\/"},"modified":"2024-10-17T14:23:28","modified_gmt":"2024-10-17T12:23:28","slug":"sobre-mi","status":"publish","type":"page","link":"https:\/\/rethink-p2p.de\/es\/sobre-mi\/","title":{"rendered":"Sobre M\u00ed"},"content":{"rendered":"<p>Hola, soy Denny. Empec\u00e9 el blog \u00abre:think P2P\u00bb en diciembre de 2018. En los siguientes p\u00e1rrafos, aprender\u00e1s un poco m\u00e1s sobre m\u00ed y la historia de fondo de este blog.<\/p>\n<hr \/>\n<div id=\"ez-toc-container\" class=\"ez-toc-v2_0_67_1 counter-hierarchy ez-toc-counter ez-toc-grey ez-toc-container-direction\">\n<div class=\"ez-toc-title-container\">\n<p class=\"ez-toc-title \" >Tabla de contenidos<\/p>\n<span class=\"ez-toc-title-toggle\"><a href=\"#\" class=\"ez-toc-pull-right ez-toc-btn ez-toc-btn-xs ez-toc-btn-default ez-toc-toggle\" aria-label=\"Toggle Table of Content\"><span class=\"ez-toc-js-icon-con\"><span class=\"\"><span class=\"eztoc-hide\" style=\"display:none;\">Toggle<\/span><span class=\"ez-toc-icon-toggle-span\"><svg style=\"fill: #999;color:#999\" xmlns=\"http:\/\/www.w3.org\/2000\/svg\" class=\"list-377408\" width=\"20px\" height=\"20px\" viewBox=\"0 0 24 24\" fill=\"none\"><path d=\"M6 6H4v2h2V6zm14 0H8v2h12V6zM4 11h2v2H4v-2zm16 0H8v2h12v-2zM4 16h2v2H4v-2zm16 0H8v2h12v-2z\" fill=\"currentColor\"><\/path><\/svg><svg style=\"fill: #999;color:#999\" class=\"arrow-unsorted-368013\" xmlns=\"http:\/\/www.w3.org\/2000\/svg\" width=\"10px\" height=\"10px\" viewBox=\"0 0 24 24\" version=\"1.2\" baseProfile=\"tiny\"><path d=\"M18.2 9.3l-6.2-6.3-6.2 6.3c-.2.2-.3.4-.3.7s.1.5.3.7c.2.2.4.3.7.3h11c.3 0 .5-.1.7-.3.2-.2.3-.5.3-.7s-.1-.5-.3-.7zM5.8 14.7l6.2 6.3 6.2-6.3c.2-.2.3-.5.3-.7s-.1-.5-.3-.7c-.2-.2-.4-.3-.7-.3h-11c-.3 0-.5.1-.7.3-.2.2-.3.5-.3.7s.1.5.3.7z\"\/><\/svg><\/span><\/span><\/span><\/a><\/span><\/div>\n<nav><ul class='ez-toc-list ez-toc-list-level-1 ' ><li class='ez-toc-page-1 ez-toc-heading-level-2'><a class=\"ez-toc-link ez-toc-heading-1\" href=\"https:\/\/rethink-p2p.de\/es\/sobre-mi\/#%C2%BFPor_que_re_think_P2P\" title=\"\u00bfPor qu\u00e9 re:think P2P?\">\u00bfPor qu\u00e9 re:think P2P?<\/a><\/li><li class='ez-toc-page-1 ez-toc-heading-level-2'><a class=\"ez-toc-link ez-toc-heading-2\" href=\"https:\/\/rethink-p2p.de\/es\/sobre-mi\/#%C2%BFQuien_soy\" title=\"\u00bfQui\u00e9n soy?\">\u00bfQui\u00e9n soy?<\/a><\/li><li class='ez-toc-page-1 ez-toc-heading-level-2'><a class=\"ez-toc-link ez-toc-heading-3\" href=\"https:\/\/rethink-p2p.de\/es\/sobre-mi\/#Contacto\" title=\"Contacto\">Contacto<\/a><\/li><\/ul><\/nav><\/div>\n<h2><span class=\"ez-toc-section\" id=\"%C2%BFPor_que_re_think_P2P\"><\/span><strong>\u00bfPor qu\u00e9 re:think P2P?<\/strong><span class=\"ez-toc-section-end\"><\/span><\/h2>\n<p><a href=\"https:\/\/rethink-p2p.de\/wp-content\/uploads\/2023\/04\/Denny-Neidhardt-2023.png\"><img decoding=\"async\" loading=\"lazy\" class=\"alignleft wp-image-15664 size-full lazyload\" data-src=\"https:\/\/rethink-p2p.de\/wp-content\/uploads\/2023\/04\/Denny-Neidhardt-2023.png\" alt=\"\" width=\"250\" height=\"375\" data-srcset=\"https:\/\/rethink-p2p.de\/wp-content\/uploads\/2023\/04\/Denny-Neidhardt-2023.png 250w, https:\/\/rethink-p2p.de\/wp-content\/uploads\/2023\/04\/Denny-Neidhardt-2023-200x300.png 200w\" data-sizes=\"(max-width: 250px) 100vw, 250px\" src=\"data:image\/gif;base64,R0lGODlhAQABAAAAACH5BAEKAAEALAAAAAABAAEAAAICTAEAOw==\" style=\"--smush-placeholder-width: 250px; --smush-placeholder-aspect-ratio: 250\/375;\" \/><noscript><img decoding=\"async\" loading=\"lazy\" class=\"alignleft wp-image-15664 size-full\" src=\"https:\/\/rethink-p2p.de\/wp-content\/uploads\/2023\/04\/Denny-Neidhardt-2023.png\" alt=\"\" width=\"250\" height=\"375\" srcset=\"https:\/\/rethink-p2p.de\/wp-content\/uploads\/2023\/04\/Denny-Neidhardt-2023.png 250w, https:\/\/rethink-p2p.de\/wp-content\/uploads\/2023\/04\/Denny-Neidhardt-2023-200x300.png 200w\" sizes=\"(max-width: 250px) 100vw, 250px\" \/><\/noscript><\/a>Despu\u00e9s de trabajar en el mundo corporativo durante casi cinco a\u00f1os, de repente me han despedido en abril de 2018. Despu\u00e9s, decid\u00ed perseguir mis propios proyectos. De lo que me di cuenta durante ese tiempo: La educaci\u00f3n financiera es el pilar m\u00e1s importante para vivir una vida m\u00e1s independiente y autodeterminada.<\/p>\n<p>Vi la inversi\u00f3n en pr\u00e9stamos P2P como una forma de alcanzar este objetivo. En ese momento, ya hab\u00eda invertido en esta clase de activos durante aproximadamente un a\u00f1o.<\/p>\n<p>Como consideraba que la informaci\u00f3n sobre el sector de los pr\u00e9stamos P2P era a menudo demasiado parcial y superficial, quise hacerlo mejor. Mi enfoque consisti\u00f3 en publicar an\u00e1lisis en profundidad y <a href=\"https:\/\/rethink-p2p.de\/es\/opiniones-plataformas-p2p\/\" target=\"_blank\" rel=\"noopener\"><strong>rese\u00f1as exhaustivas<\/strong><\/a>, para ayudar a los inversores a tomar decisiones de inversi\u00f3n mejores y m\u00e1s informadas.<\/p>\n<hr \/>\n<h2><span class=\"ez-toc-section\" id=\"%C2%BFQuien_soy\"><\/span><strong>\u00bfQui\u00e9n soy?<\/strong><span class=\"ez-toc-section-end\"><\/span><\/h2>\n<p>Me llamo Denny Neidhardt. Nac\u00ed en Berl\u00edn Este en agosto de 1989. Mi &#8220;carrera&#8221; fue poco espectacular: escuela, universidad, mundo empresarial. Entre medias algunos a\u00f1os con vivencias en el extranjero en Inglaterra e Italia.<\/p>\n<p>Como todo eso no resulta muy emocionante, aqu\u00ed tienes 5 &#8220;datos aleatorios&#8221; sobre m\u00ed:<\/p>\n<ul>\n<li>Soy un apasionado seguidor del TSV 1860 de M\u00fanich desde 1995. Es dif\u00edcil, lo s\u00e9. Pero como dice el refr\u00e1n: \u00a1Una vez le\u00f3n, siempre le\u00f3n!<\/li>\n<li>Tengo debilidad por las revistas impresas. Por eso, entre otras cosas, fund\u00e9 mi propia revista sobre pol\u00edtica en mi etapa universitaria. Mi modelo period\u00edstico es Larry Flynt.<\/li>\n<li>S\u00f3lo puedo disfrutar del chocolate con leche fr\u00edo y no a temperatura ambiente. \u00a1Milka &gt; Lindt!<\/li>\n<li>Llevo m\u00e1s de 10 a\u00f1os saliendo con una italiana del lago de Garda, con la que me cas\u00e9 en julio de 2022.<\/li>\n<li>Soy un gran aficionado a Batman. El mejor Batman de todos los tiempos: Michael Keaton. Mejor serie: Batman La serie animada. Mejor c\u00f3mic: Mad Love.<\/li>\n<\/ul>\n<p>Si tienes curiosidad por saber m\u00e1s sobre mi historia personal y c\u00f3mo consegu\u00ed crear una cartera P2P por valor de 100.000 euros en siete a\u00f1os, echa un vistazo al sigiente v\u00eddeo.<\/p>\n<p><iframe loading=\"lazy\" title=\"My Journey: EUR 100,000 P2P Portfolio in 7 Years!\" width=\"810\" height=\"456\" data-src=\"https:\/\/www.youtube.com\/embed\/KRqJlzw9CUM?feature=oembed\" frameborder=\"0\" allow=\"accelerometer; autoplay; clipboard-write; encrypted-media; gyroscope; picture-in-picture; web-share\" referrerpolicy=\"strict-origin-when-cross-origin\" allowfullscreen src=\"data:image\/gif;base64,R0lGODlhAQABAAAAACH5BAEKAAEALAAAAAABAAEAAAICTAEAOw==\" class=\"lazyload\" data-load-mode=\"1\"><\/iframe><\/p>\n<hr \/>\n<h2><span class=\"ez-toc-section\" id=\"Contacto\"><\/span><strong>Contacto<\/strong><span class=\"ez-toc-section-end\"><\/span><\/h2>\n<p>Si quieres relacionarte conmigo o seguir mis contenidos, estos son los mejores sitios a los que puedes acudir:<\/p>\n<ul>\n<li>Correo electr\u00f3nico: denny[at]rethink-p2p.de<\/li>\n<li>Comunidad Telegram (Noticias y contenidos): <a href=\"https:\/\/bit.ly\/rethinkp2p-en-telegram\"><strong>https:\/\/bit.ly\/rethinkp2p-en-telegram<\/strong><\/a><\/li>\n<li>Grupo de WhatsApp (Noticias y contenidos): <a href=\"https:\/\/bit.ly\/rethinkp2p-en-whatsapp\"><strong>https:\/\/bit.ly\/rethinkp2p-en-whatsapp<\/strong><\/a><\/li>\n<li>Instagram: <a href=\"https:\/\/www.instagram.com\/rethink.p2p\"><strong>@rethink.p2p<\/strong><\/a><\/li>\n<li>LinkedIn: <a href=\"https:\/\/www.linkedin.com\/in\/denny-neidhardt\/\"><strong>Mi perfil<\/strong><\/a><strong> \/ <\/strong><a href=\"https:\/\/www.linkedin.com\/company\/rethinkp2p\/\"><strong>P\u00e1gina de empresa<\/strong><\/a><\/li>\n<\/ul>\n","protected":false},"excerpt":{"rendered":"","protected":false},"author":1,"featured_media":0,"parent":0,"menu_order":0,"comment_status":"closed","ping_status":"closed","template":"","meta":[],"yoast_head":"<!-- This site is optimized with the Yoast SEO plugin v21.8.1 - https:\/\/yoast.com\/wordpress\/plugins\/seo\/ -->\n<title>Denny Neidhardt: bloguero financiero @ re:think Pr\u00e9stamos P2P<\/title>\n<meta name=\"description\" content=\"Denny Neidhardt es un bloguero financiero alem\u00e1n especializado en pr\u00e9stamos P2P desde 2018.\" \/>\n<meta name=\"robots\" content=\"index, follow, max-snippet:-1, max-image-preview:large, max-video-preview:-1\" \/>\n<link rel=\"canonical\" href=\"https:\/\/rethink-p2p.de\/es\/sobre-mi\/\" \/>\n<meta property=\"og:locale\" content=\"es_ES\" \/>\n<meta property=\"og:type\" content=\"article\" \/>\n<meta property=\"og:title\" content=\"Denny Neidhardt: bloguero financiero @ re:think Pr\u00e9stamos P2P\" \/>\n<meta property=\"og:description\" content=\"Denny Neidhardt es un bloguero financiero alem\u00e1n especializado en pr\u00e9stamos P2P desde 2018.\" \/>\n<meta property=\"og:url\" content=\"https:\/\/rethink-p2p.de\/es\/sobre-mi\/\" \/>\n<meta property=\"og:site_name\" content=\"re:think P2P\" \/>\n<meta property=\"article:publisher\" content=\"http:\/\/fb.me\/rethinkp2p\" \/>\n<meta property=\"article:modified_time\" content=\"2024-10-17T12:23:28+00:00\" \/>\n<meta property=\"og:image\" content=\"https:\/\/rethink-p2p.de\/wp-content\/uploads\/2023\/04\/Denny-Neidhardt-2023.png\" \/>\n<meta name=\"twitter:card\" content=\"summary_large_image\" \/>\n<meta name=\"twitter:label1\" content=\"Tiempo de lectura\" \/>\n\t<meta name=\"twitter:data1\" content=\"2 minutos\" \/>\n<!-- \/ Yoast SEO plugin. -->","yoast_head_json":{"title":"Denny Neidhardt: bloguero financiero @ re:think Pr\u00e9stamos P2P","description":"Denny Neidhardt es un bloguero financiero alem\u00e1n especializado en pr\u00e9stamos P2P desde 2018.","robots":{"index":"index","follow":"follow","max-snippet":"max-snippet:-1","max-image-preview":"max-image-preview:large","max-video-preview":"max-video-preview:-1"},"canonical":"https:\/\/rethink-p2p.de\/es\/sobre-mi\/","og_locale":"es_ES","og_type":"article","og_title":"Denny Neidhardt: bloguero financiero @ re:think Pr\u00e9stamos P2P","og_description":"Denny Neidhardt es un bloguero financiero alem\u00e1n especializado en pr\u00e9stamos P2P desde 2018.","og_url":"https:\/\/rethink-p2p.de\/es\/sobre-mi\/","og_site_name":"re:think P2P","article_publisher":"http:\/\/fb.me\/rethinkp2p","article_modified_time":"2024-10-17T12:23:28+00:00","og_image":[{"url":"https:\/\/rethink-p2p.de\/wp-content\/uploads\/2023\/04\/Denny-Neidhardt-2023.png"}],"twitter_card":"summary_large_image","twitter_misc":{"Tiempo de lectura":"2 minutos"},"schema":{"@context":"https:\/\/schema.org","@graph":[{"@type":"WebPage","@id":"https:\/\/rethink-p2p.de\/es\/sobre-mi\/","url":"https:\/\/rethink-p2p.de\/es\/sobre-mi\/","name":"Denny Neidhardt: bloguero financiero @ re:think Pr\u00e9stamos P2P","isPartOf":{"@id":"https:\/\/rethink-p2p.de\/es\/#website"},"datePublished":"2024-10-17T04:00:00+00:00","dateModified":"2024-10-17T12:23:28+00:00","description":"Denny Neidhardt es un bloguero financiero alem\u00e1n especializado en pr\u00e9stamos P2P desde 2018.","breadcrumb":{"@id":"https:\/\/rethink-p2p.de\/es\/sobre-mi\/#breadcrumb"},"inLanguage":"es","potentialAction":[{"@type":"ReadAction","target":["https:\/\/rethink-p2p.de\/es\/sobre-mi\/"]}]},{"@type":"BreadcrumbList","@id":"https:\/\/rethink-p2p.de\/es\/sobre-mi\/#breadcrumb","itemListElement":[{"@type":"ListItem","position":1,"name":"Portada","item":"https:\/\/rethink-p2p.de\/es\/"},{"@type":"ListItem","position":2,"name":"Sobre M\u00ed"}]},{"@type":"WebSite","@id":"https:\/\/rethink-p2p.de\/es\/#website","url":"https:\/\/rethink-p2p.de\/es\/","name":"re:think P2P","description":"Opiniones y Comparativas de Plataformas P2P en Profundidad","potentialAction":[{"@type":"SearchAction","target":{"@type":"EntryPoint","urlTemplate":"https:\/\/rethink-p2p.de\/es\/?s={search_term_string}"},"query-input":"required name=search_term_string"}],"inLanguage":"es"}]}},"_links":{"self":[{"href":"https:\/\/rethink-p2p.de\/es\/wp-json\/wp\/v2\/pages\/20565"}],"collection":[{"href":"https:\/\/rethink-p2p.de\/es\/wp-json\/wp\/v2\/pages"}],"about":[{"href":"https:\/\/rethink-p2p.de\/es\/wp-json\/wp\/v2\/types\/page"}],"author":[{"embeddable":true,"href":"https:\/\/rethink-p2p.de\/es\/wp-json\/wp\/v2\/users\/1"}],"replies":[{"embeddable":true,"href":"https:\/\/rethink-p2p.de\/es\/wp-json\/wp\/v2\/comments?post=20565"}],"version-history":[{"count":3,"href":"https:\/\/rethink-p2p.de\/es\/wp-json\/wp\/v2\/pages\/20565\/revisions"}],"predecessor-version":[{"id":23990,"href":"https:\/\/rethink-p2p.de\/es\/wp-json\/wp\/v2\/pages\/20565\/revisions\/23990"}],"wp:attachment":[{"href":"https:\/\/rethink-p2p.de\/es\/wp-json\/wp\/v2\/media?parent=20565"}],"curies":[{"name":"wp","href":"https:\/\/api.w.org\/{rel}","templated":true}]}}